{"id":366,"date":"2020-03-01T10:19:36","date_gmt":"2020-03-01T10:19:36","guid":{"rendered":"http:\/\/angio.test\/?page_id=366"},"modified":"2024-12-30T08:16:06","modified_gmt":"2024-12-30T07:16:06","slug":"releases","status":"publish","type":"page","link":"https:\/\/mobic-music.com\/index.php\/releases\/","title":{"rendered":"Releases"},"content":{"rendered":"","protected":false},"excerpt":{"rendered":"","protected":false},"author":1,"featured_media":0,"parent":0,"menu_order":0,"comment_status":"closed","ping_status":"closed","template":"template-albums-slider.php","meta":{"footnotes":""},"class_list":["post-366","page","type-page","status-publish","hentry"],"yoast_head":"<!-- This site is optimized with the Yoast SEO plugin v24.1 - https:\/\/yoast.com\/wordpress\/plugins\/seo\/ -->\n<title>MO BIC Releases - Alle Songs im \u00dcberblick<\/title>\n<meta name=\"description\" content=\"Entdecke alle Releases von MO BIC auf unserer \u00dcbersichtseite. Finde seine neuesten Songs, Alben und Singles und bleibe immer auf dem Laufenden \u00fcber die aktuellen Ver\u00f6ffentlichungen des K\u00fcnstlers.\" \/>\n<meta name=\"robots\" content=\"index, follow, max-snippet:-1, max-image-preview:large, max-video-preview:-1\" \/>\n<link rel=\"canonical\" href=\"https:\/\/mobic-music.com\/index.php\/releases\/\" \/>\n<meta property=\"og:locale\" content=\"en_US\" \/>\n<meta property=\"og:type\" content=\"article\" \/>\n<meta property=\"og:title\" content=\"MO BIC Releases - Alle Songs im \u00dcberblick\" \/>\n<meta property=\"og:description\" content=\"Entdecke alle Releases von MO BIC auf unserer \u00dcbersichtseite. Finde seine neuesten Songs, Alben und Singles und bleibe immer auf dem Laufenden \u00fcber die aktuellen Ver\u00f6ffentlichungen des K\u00fcnstlers.\" \/>\n<meta property=\"og:url\" content=\"https:\/\/mobic-music.com\/index.php\/releases\/\" \/>\n<meta property=\"og:site_name\" content=\"MO BIC \u2013 Der Sound des Moments\" \/>\n<meta property=\"article:modified_time\" content=\"2024-12-30T07:16:06+00:00\" \/>\n<meta name=\"twitter:card\" content=\"summary_large_image\" \/>\n<script type=\"application\/ld+json\" class=\"yoast-schema-graph\">{\"@context\":\"https:\/\/schema.org\",\"@graph\":[{\"@type\":\"WebPage\",\"@id\":\"https:\/\/mobic-music.com\/index.php\/releases\/\",\"url\":\"https:\/\/mobic-music.com\/index.php\/releases\/\",\"name\":\"MO BIC Releases - Alle Songs im \u00dcberblick\",\"isPartOf\":{\"@id\":\"https:\/\/mobic-music.com\/#website\"},\"datePublished\":\"2020-03-01T10:19:36+00:00\",\"dateModified\":\"2024-12-30T07:16:06+00:00\",\"description\":\"Entdecke alle Releases von MO BIC auf unserer \u00dcbersichtseite. Finde seine neuesten Songs, Alben und Singles und bleibe immer auf dem Laufenden \u00fcber die aktuellen Ver\u00f6ffentlichungen des K\u00fcnstlers.\",\"breadcrumb\":{\"@id\":\"https:\/\/mobic-music.com\/index.php\/releases\/#breadcrumb\"},\"inLanguage\":\"en-US\",\"potentialAction\":[{\"@type\":\"ReadAction\",\"target\":[\"https:\/\/mobic-music.com\/index.php\/releases\/\"]}]},{\"@type\":\"BreadcrumbList\",\"@id\":\"https:\/\/mobic-music.com\/index.php\/releases\/#breadcrumb\",\"itemListElement\":[{\"@type\":\"ListItem\",\"position\":1,\"name\":\"Startseite\",\"item\":\"https:\/\/mobic-music.com\/\"},{\"@type\":\"ListItem\",\"position\":2,\"name\":\"Releases\"}]},{\"@type\":\"WebSite\",\"@id\":\"https:\/\/mobic-music.com\/#website\",\"url\":\"https:\/\/mobic-music.com\/\",\"name\":\"MO BIC \u2013 Der Sound des Moments\",\"description\":\"Let&#039;s get the party started!\",\"potentialAction\":[{\"@type\":\"SearchAction\",\"target\":{\"@type\":\"EntryPoint\",\"urlTemplate\":\"https:\/\/mobic-music.com\/?s={search_term_string}\"},\"query-input\":{\"@type\":\"PropertyValueSpecification\",\"valueRequired\":true,\"valueName\":\"search_term_string\"}}],\"inLanguage\":\"en-US\"}]}<\/script>\n<!-- \/ Yoast SEO plugin. -->","yoast_head_json":{"title":"MO BIC Releases - Alle Songs im \u00dcberblick","description":"Entdecke alle Releases von MO BIC auf unserer \u00dcbersichtseite. Finde seine neuesten Songs, Alben und Singles und bleibe immer auf dem Laufenden \u00fcber die aktuellen Ver\u00f6ffentlichungen des K\u00fcnstlers.","robots":{"index":"index","follow":"follow","max-snippet":"max-snippet:-1","max-image-preview":"max-image-preview:large","max-video-preview":"max-video-preview:-1"},"canonical":"https:\/\/mobic-music.com\/index.php\/releases\/","og_locale":"en_US","og_type":"article","og_title":"MO BIC Releases - Alle Songs im \u00dcberblick","og_description":"Entdecke alle Releases von MO BIC auf unserer \u00dcbersichtseite. Finde seine neuesten Songs, Alben und Singles und bleibe immer auf dem Laufenden \u00fcber die aktuellen Ver\u00f6ffentlichungen des K\u00fcnstlers.","og_url":"https:\/\/mobic-music.com\/index.php\/releases\/","og_site_name":"MO BIC \u2013 Der Sound des Moments","article_modified_time":"2024-12-30T07:16:06+00:00","twitter_card":"summary_large_image","schema":{"@context":"https:\/\/schema.org","@graph":[{"@type":"WebPage","@id":"https:\/\/mobic-music.com\/index.php\/releases\/","url":"https:\/\/mobic-music.com\/index.php\/releases\/","name":"MO BIC Releases - Alle Songs im \u00dcberblick","isPartOf":{"@id":"https:\/\/mobic-music.com\/#website"},"datePublished":"2020-03-01T10:19:36+00:00","dateModified":"2024-12-30T07:16:06+00:00","description":"Entdecke alle Releases von MO BIC auf unserer \u00dcbersichtseite. Finde seine neuesten Songs, Alben und Singles und bleibe immer auf dem Laufenden \u00fcber die aktuellen Ver\u00f6ffentlichungen des K\u00fcnstlers.","breadcrumb":{"@id":"https:\/\/mobic-music.com\/index.php\/releases\/#breadcrumb"},"inLanguage":"en-US","potentialAction":[{"@type":"ReadAction","target":["https:\/\/mobic-music.com\/index.php\/releases\/"]}]},{"@type":"BreadcrumbList","@id":"https:\/\/mobic-music.com\/index.php\/releases\/#breadcrumb","itemListElement":[{"@type":"ListItem","position":1,"name":"Startseite","item":"https:\/\/mobic-music.com\/"},{"@type":"ListItem","position":2,"name":"Releases"}]},{"@type":"WebSite","@id":"https:\/\/mobic-music.com\/#website","url":"https:\/\/mobic-music.com\/","name":"MO BIC \u2013 Der Sound des Moments","description":"Let&#039;s get the party started!","potentialAction":[{"@type":"SearchAction","target":{"@type":"EntryPoint","urlTemplate":"https:\/\/mobic-music.com\/?s={search_term_string}"},"query-input":{"@type":"PropertyValueSpecification","valueRequired":true,"valueName":"search_term_string"}}],"inLanguage":"en-US"}]}},"_links":{"self":[{"href":"https:\/\/mobic-music.com\/index.php\/wp-json\/wp\/v2\/pages\/366","targetHints":{"allow":["GET"]}}],"collection":[{"href":"https:\/\/mobic-music.com\/index.php\/wp-json\/wp\/v2\/pages"}],"about":[{"href":"https:\/\/mobic-music.com\/index.php\/wp-json\/wp\/v2\/types\/page"}],"author":[{"embeddable":true,"href":"https:\/\/mobic-music.com\/index.php\/wp-json\/wp\/v2\/users\/1"}],"replies":[{"embeddable":true,"href":"https:\/\/mobic-music.com\/index.php\/wp-json\/wp\/v2\/comments?post=366"}],"version-history":[{"count":5,"href":"https:\/\/mobic-music.com\/index.php\/wp-json\/wp\/v2\/pages\/366\/revisions"}],"predecessor-version":[{"id":1346,"href":"https:\/\/mobic-music.com\/index.php\/wp-json\/wp\/v2\/pages\/366\/revisions\/1346"}],"wp:attachment":[{"href":"https:\/\/mobic-music.com\/index.php\/wp-json\/wp\/v2\/media?parent=366"}],"curies":[{"name":"wp","href":"https:\/\/api.w.org\/{rel}","templated":true}]}}