{"id":3,"date":"2024-07-19T15:37:55","date_gmt":"2024-07-19T13:37:55","guid":{"rendered":"https:\/\/mobic-music.com\/?page_id=3"},"modified":"2024-08-07T16:02:25","modified_gmt":"2024-08-07T14:02:25","slug":"datenschutzerklaerung","status":"publish","type":"page","link":"https:\/\/mobic-music.com\/index.php\/datenschutzerklaerung\/","title":{"rendered":"Privacy Policy"},"content":{"rendered":"\r\n<h4 class=\"wp-block-heading\">Verantwortliche Stelle im Sinne der Datenschutzgesetze, insbesondere der EU-Datenschutzgrundverordnung (DSGVO):<\/h4>\r\n<p>G. Iwey<br \/>Langer Hagen 21<br \/>31134 Hildesheim<br \/>Deutschland<br \/>E-Mail: <a rel=\"noreferrer\">Kontakt@mobic-music.com<\/a><\/p>\r\n<h4>Erfassung allgemeiner Informationen beim Besuch unserer Website<\/h4>\r\n<p>Wenn Sie auf unsere Website zugreifen, werden automatisch Informationen allgemeiner Natur erfasst. Diese Informationen (Server-Logfiles) beinhalten z.B. den Typ des Webbrowsers, das verwendete Betriebssystem, den Domainnamen Ihres Internet Service Providers und \u00c4hnliches. Hierbei handelt es sich ausschlie\u00dflich um Informationen, welche keine R\u00fcckschl\u00fcsse auf Ihre Person zulassen. Diese Informationen sind technisch notwendig, um von Ihnen angeforderte Inhalte von Webseiten korrekt auszuliefern und fallen bei Nutzung des Internets zwingend an.<\/p>\r\n<h4>Cookies<\/h4>\r\n<p>Unsere Website verwendet keine Tracking-Tools oder Cookies zur \u00dcberwachung des Nutzerverhaltens. Lediglich technisch notwendige Cookies k\u00f6nnen zum Einsatz kommen, um die Funktionalit\u00e4t der Seite sicherzustellen.<\/p>\r\n<h4>Ihre Betroffenenrechte<\/h4>\r\n<p>Unter den angegebenen Kontaktdaten k\u00f6nnen Sie jederzeit folgende Rechte aus\u00fcben:<\/p>\r\n<ul>\r\n<li>Auskunft \u00fcber Ihre bei uns gespeicherten Daten und deren Verarbeitung,<\/li>\r\n<li>Berichtigung unrichtiger personenbezogener Daten,<\/li>\r\n<li>L\u00f6schung Ihrer bei uns gespeicherten Daten,<\/li>\r\n<li>Einschr\u00e4nkung der Datenverarbeitung, sofern wir Ihre Daten aufgrund gesetzlicher Pflichten noch nicht l\u00f6schen d\u00fcrfen,<\/li>\r\n<li>Widerspruch gegen die Verarbeitung Ihrer Daten bei uns und<\/li>\r\n<li>Daten\u00fcbertragbarkeit, sofern Sie in die Datenverarbeitung eingewilligt haben oder einen Vertrag mit uns abgeschlossen haben.<\/li>\r\n<\/ul>\r\n<h4>\u00c4nderung unserer Datenschutzbestimmungen<\/h4>\r\n<p>Wir behalten uns vor, diese Datenschutzerkl\u00e4rung anzupassen, damit sie stets den aktuellen rechtlichen Anforderungen entspricht oder um \u00c4nderungen unserer Leistungen in der Datenschutzerkl\u00e4rung umzusetzen, z.B. bei der Einf\u00fchrung neuer Services. F\u00fcr Ihren erneuten Besuch gilt dann die neue Datenschutzerkl\u00e4rung.<\/p>\r\n<h4>Fragen zum Datenschutz<\/h4>\r\n<p>Wenn Sie Fragen zum Datenschutz haben, schreiben Sie uns bitte eine E-Mail oder wenden Sie sich direkt an die f\u00fcr den Datenschutz verantwortliche Person in unserer Organisation:<\/p>\r\n<p>G. Iwey<br \/>E-Mail: <a rel=\"noreferrer\">Kontakt@mobic-music.com<\/a><\/p>\r\n<p>Diese Datenschutzerkl\u00e4rung wurde erstellt unter Verwendung des Datenschutz-Generators von e-recht24.de.<\/p>","protected":false},"excerpt":{"rendered":"<p>Verantwortliche Stelle im Sinne der Datenschutzgesetze, insbesondere der EU-Datenschutzgrundverordnung (DSGVO): G. IweyLanger Hagen 2131134 HildesheimDeutschlandE-Mail: Kontakt@mobic-music.com Erfassung allgemeiner Informationen beim Besuch unserer Website Wenn Sie auf unsere Website zugreifen, werden automatisch Informationen allgemeiner Natur erfasst. Diese Informationen (Server-Logfiles) beinhalten z.B. den Typ des Webbrowsers, das verwendete Betriebssystem, den Domainnamen Ihres Internet Service Providers und \u00c4hnliches. [&hellip;]<\/p>\n","protected":false},"author":1,"featured_media":0,"parent":0,"menu_order":0,"comment_status":"closed","ping_status":"open","template":"","meta":{"footnotes":""},"class_list":["post-3","page","type-page","status-publish","hentry"],"yoast_head":"<!-- This site is optimized with the Yoast SEO plugin v24.1 - https:\/\/yoast.com\/wordpress\/plugins\/seo\/ -->\n<title>Privacy Policy - MO BIC \u2013 Der Sound des Moments<\/title>\n<meta name=\"robots\" content=\"noindex, follow\" \/>\n<meta property=\"og:locale\" content=\"en_US\" \/>\n<meta property=\"og:type\" content=\"article\" \/>\n<meta property=\"og:title\" content=\"Privacy Policy - MO BIC \u2013 Der Sound des Moments\" \/>\n<meta property=\"og:description\" content=\"Verantwortliche Stelle im Sinne der Datenschutzgesetze, insbesondere der EU-Datenschutzgrundverordnung (DSGVO): G. IweyLanger Hagen 2131134 HildesheimDeutschlandE-Mail: Kontakt@mobic-music.com Erfassung allgemeiner Informationen beim Besuch unserer Website Wenn Sie auf unsere Website zugreifen, werden automatisch Informationen allgemeiner Natur erfasst. Diese Informationen (Server-Logfiles) beinhalten z.B. den Typ des Webbrowsers, das verwendete Betriebssystem, den Domainnamen Ihres Internet Service Providers und \u00c4hnliches. [&hellip;]\" \/>\n<meta property=\"og:url\" content=\"https:\/\/mobic-music.com\/index.php\/datenschutzerklaerung\/\" \/>\n<meta property=\"og:site_name\" content=\"MO BIC \u2013 Der Sound des Moments\" \/>\n<meta property=\"article:modified_time\" content=\"2024-08-07T14:02:25+00:00\" \/>\n<meta name=\"twitter:card\" content=\"summary_large_image\" \/>\n<meta name=\"twitter:label1\" content=\"Est. reading time\" \/>\n\t<meta name=\"twitter:data1\" content=\"2 minutes\" \/>\n<script type=\"application\/ld+json\" class=\"yoast-schema-graph\">{\"@context\":\"https:\/\/schema.org\",\"@graph\":[{\"@type\":\"WebPage\",\"@id\":\"https:\/\/mobic-music.com\/index.php\/datenschutzerklaerung\/\",\"url\":\"https:\/\/mobic-music.com\/index.php\/datenschutzerklaerung\/\",\"name\":\"Privacy Policy - MO BIC \u2013 Der Sound des Moments\",\"isPartOf\":{\"@id\":\"https:\/\/mobic-music.com\/#website\"},\"datePublished\":\"2024-07-19T13:37:55+00:00\",\"dateModified\":\"2024-08-07T14:02:25+00:00\",\"breadcrumb\":{\"@id\":\"https:\/\/mobic-music.com\/index.php\/datenschutzerklaerung\/#breadcrumb\"},\"inLanguage\":\"en-US\",\"potentialAction\":[{\"@type\":\"ReadAction\",\"target\":[\"https:\/\/mobic-music.com\/index.php\/datenschutzerklaerung\/\"]}]},{\"@type\":\"BreadcrumbList\",\"@id\":\"https:\/\/mobic-music.com\/index.php\/datenschutzerklaerung\/#breadcrumb\",\"itemListElement\":[{\"@type\":\"ListItem\",\"position\":1,\"name\":\"Startseite\",\"item\":\"https:\/\/mobic-music.com\/\"},{\"@type\":\"ListItem\",\"position\":2,\"name\":\"Privacy Policy\"}]},{\"@type\":\"WebSite\",\"@id\":\"https:\/\/mobic-music.com\/#website\",\"url\":\"https:\/\/mobic-music.com\/\",\"name\":\"MO BIC \u2013 Der Sound des Moments\",\"description\":\"Let&#039;s get the party started!\",\"potentialAction\":[{\"@type\":\"SearchAction\",\"target\":{\"@type\":\"EntryPoint\",\"urlTemplate\":\"https:\/\/mobic-music.com\/?s={search_term_string}\"},\"query-input\":{\"@type\":\"PropertyValueSpecification\",\"valueRequired\":true,\"valueName\":\"search_term_string\"}}],\"inLanguage\":\"en-US\"}]}<\/script>\n<!-- \/ Yoast SEO plugin. -->","yoast_head_json":{"title":"Privacy Policy - MO BIC \u2013 Der Sound des Moments","robots":{"index":"noindex","follow":"follow"},"og_locale":"en_US","og_type":"article","og_title":"Privacy Policy - MO BIC \u2013 Der Sound des Moments","og_description":"Verantwortliche Stelle im Sinne der Datenschutzgesetze, insbesondere der EU-Datenschutzgrundverordnung (DSGVO): G. IweyLanger Hagen 2131134 HildesheimDeutschlandE-Mail: Kontakt@mobic-music.com Erfassung allgemeiner Informationen beim Besuch unserer Website Wenn Sie auf unsere Website zugreifen, werden automatisch Informationen allgemeiner Natur erfasst. Diese Informationen (Server-Logfiles) beinhalten z.B. den Typ des Webbrowsers, das verwendete Betriebssystem, den Domainnamen Ihres Internet Service Providers und \u00c4hnliches. [&hellip;]","og_url":"https:\/\/mobic-music.com\/index.php\/datenschutzerklaerung\/","og_site_name":"MO BIC \u2013 Der Sound des Moments","article_modified_time":"2024-08-07T14:02:25+00:00","twitter_card":"summary_large_image","twitter_misc":{"Est. reading time":"2 minutes"},"schema":{"@context":"https:\/\/schema.org","@graph":[{"@type":"WebPage","@id":"https:\/\/mobic-music.com\/index.php\/datenschutzerklaerung\/","url":"https:\/\/mobic-music.com\/index.php\/datenschutzerklaerung\/","name":"Privacy Policy - MO BIC \u2013 Der Sound des Moments","isPartOf":{"@id":"https:\/\/mobic-music.com\/#website"},"datePublished":"2024-07-19T13:37:55+00:00","dateModified":"2024-08-07T14:02:25+00:00","breadcrumb":{"@id":"https:\/\/mobic-music.com\/index.php\/datenschutzerklaerung\/#breadcrumb"},"inLanguage":"en-US","potentialAction":[{"@type":"ReadAction","target":["https:\/\/mobic-music.com\/index.php\/datenschutzerklaerung\/"]}]},{"@type":"BreadcrumbList","@id":"https:\/\/mobic-music.com\/index.php\/datenschutzerklaerung\/#breadcrumb","itemListElement":[{"@type":"ListItem","position":1,"name":"Startseite","item":"https:\/\/mobic-music.com\/"},{"@type":"ListItem","position":2,"name":"Privacy Policy"}]},{"@type":"WebSite","@id":"https:\/\/mobic-music.com\/#website","url":"https:\/\/mobic-music.com\/","name":"MO BIC \u2013 Der Sound des Moments","description":"Let&#039;s get the party started!","potentialAction":[{"@type":"SearchAction","target":{"@type":"EntryPoint","urlTemplate":"https:\/\/mobic-music.com\/?s={search_term_string}"},"query-input":{"@type":"PropertyValueSpecification","valueRequired":true,"valueName":"search_term_string"}}],"inLanguage":"en-US"}]}},"_links":{"self":[{"href":"https:\/\/mobic-music.com\/index.php\/wp-json\/wp\/v2\/pages\/3","targetHints":{"allow":["GET"]}}],"collection":[{"href":"https:\/\/mobic-music.com\/index.php\/wp-json\/wp\/v2\/pages"}],"about":[{"href":"https:\/\/mobic-music.com\/index.php\/wp-json\/wp\/v2\/types\/page"}],"author":[{"embeddable":true,"href":"https:\/\/mobic-music.com\/index.php\/wp-json\/wp\/v2\/users\/1"}],"replies":[{"embeddable":true,"href":"https:\/\/mobic-music.com\/index.php\/wp-json\/wp\/v2\/comments?post=3"}],"version-history":[{"count":4,"href":"https:\/\/mobic-music.com\/index.php\/wp-json\/wp\/v2\/pages\/3\/revisions"}],"predecessor-version":[{"id":1355,"href":"https:\/\/mobic-music.com\/index.php\/wp-json\/wp\/v2\/pages\/3\/revisions\/1355"}],"wp:attachment":[{"href":"https:\/\/mobic-music.com\/index.php\/wp-json\/wp\/v2\/media?parent=3"}],"curies":[{"name":"wp","href":"https:\/\/api.w.org\/{rel}","templated":true}]}}