{"id":1250,"date":"2024-07-22T18:06:34","date_gmt":"2024-07-22T16:06:34","guid":{"rendered":"https:\/\/mobic-music.com\/?page_id=1250"},"modified":"2024-12-30T08:20:55","modified_gmt":"2024-12-30T07:20:55","slug":"wieso-single","status":"publish","type":"page","link":"https:\/\/mobic-music.com\/index.php\/wieso-single\/","title":{"rendered":"MO BIC &#8211; Designer"},"content":{"rendered":"<p class=\"p1\">Mit seiner neuen Single \u201eDesigner\u201c kreiert Mo Bic einen einzigartigen Stil, der Eleganz mit warmem Groove verbindet und jeden Musikh\u00f6rer zum Dahinschmelzen bringt. Der Song kombiniert starke Texte, lebendigen Gesang und eine beschwingte Melodie zu einer atmosph\u00e4rischen Winterhymne \u2013 ein perfekter Begleiter f\u00fcr den Start ins Jahr 2025.<\/p>\n<p class=\"p1\">\u201eDesigner\u201c erz\u00e4hlt die Geschichte zweier K\u00fcnstler, die trotz der Herausforderungen in der Kunstszene durch ihre Leidenschaft verbunden bleiben und in schwierigen Zeiten wieder zueinander finden. Diese emotionale Thematik wird von einem innovativen Mix aus Club, Trap und Amapiano untermalt \u2013 ein frischer Sound, der vor allem junge H\u00f6rer begeistert und f\u00fcr ausgelassene Partystimmung sorgt. Passend zur Story des Songs wurde das Musikvideo an mehreren Schaupl\u00e4tzen in Berlin gedreht. Dabei setzt Mo Bic seine eigene Kollektion eindrucksvoll in Szene.<\/p>\n<p class=\"p1\">\u201eDesigner\u201c ist eine Single der kommenden EP \u201cKunst\u201c, die Ende 2026 ver\u00f6ffentlicht wird. Mo Bic erkl\u00e4rt dazu: \u201eIch freue mich, meinen Followern neue Musik zu pr\u00e4sentieren, die genauso vielseitig ist wie ich selbst. Der Song stimmt perfekt auf das Jubil\u00e4umsjahr ein.\u201c<\/p>\n<p class=\"p1\">Ver\u00f6ffentlicht wird die Single vom erfolgreichen Label &#8220;Fiesta Records&#8221; (Andreas Rosmiarek, LC 02000).<\/p>\n<p class=\"p1\"><b>Der Song ist ab 29.12.2024 auf allen Download- und Streaming-Portalen erh\u00e4ltlich.<\/b><b><\/b><\/p>\n","protected":false},"excerpt":{"rendered":"<p>Mit seiner neuen Single \u201eDesigner\u201c kreiert Mo Bic einen einzigartigen Stil, der Eleganz mit warmem Groove verbindet und jeden Musikh\u00f6rer zum Dahinschmelzen bringt. Der Song kombiniert starke Texte, lebendigen Gesang und eine beschwingte Melodie zu einer atmosph\u00e4rischen Winterhymne \u2013 ein perfekter Begleiter f\u00fcr den Start ins Jahr 2025. \u201eDesigner\u201c erz\u00e4hlt die Geschichte zweier K\u00fcnstler, die [&hellip;]<\/p>\n","protected":false},"author":1,"featured_media":0,"parent":0,"menu_order":0,"comment_status":"closed","ping_status":"closed","template":"","meta":{"footnotes":""},"class_list":["post-1250","page","type-page","status-publish","hentry"],"yoast_head":"<!-- This site is optimized with the Yoast SEO plugin v24.1 - https:\/\/yoast.com\/wordpress\/plugins\/seo\/ -->\n<title>MO BIC - Neue Single &quot;Wieso&quot; jetzt verf\u00fcgbar!<\/title>\n<meta name=\"description\" content=\"MO BIC meldet sich eindrucksvoll zur\u00fcck mit seiner neuen Single &quot;Wieso&quot;, ver\u00f6ffentlicht \u00fcber Fiesta Records. Diese innovative Mischung aus Party-Schlager und Trap begeistert die jugendliche Zuh\u00f6rerschaft. Erlebe die spannende Geschichte \u00fcber sexuelle Fantasien, jetzt auf allen Plattformen.\" \/>\n<meta name=\"robots\" content=\"index, follow, max-snippet:-1, max-image-preview:large, max-video-preview:-1\" \/>\n<link rel=\"canonical\" href=\"https:\/\/mobic-music.com\/index.php\/wieso-single\/\" \/>\n<meta property=\"og:locale\" content=\"en_US\" \/>\n<meta property=\"og:type\" content=\"article\" \/>\n<meta property=\"og:title\" content=\"MO BIC - Neue Single &quot;Wieso&quot; jetzt verf\u00fcgbar!\" \/>\n<meta property=\"og:description\" content=\"MO BIC meldet sich eindrucksvoll zur\u00fcck mit seiner neuen Single &quot;Wieso&quot;, ver\u00f6ffentlicht \u00fcber Fiesta Records. Diese innovative Mischung aus Party-Schlager und Trap begeistert die jugendliche Zuh\u00f6rerschaft. Erlebe die spannende Geschichte \u00fcber sexuelle Fantasien, jetzt auf allen Plattformen.\" \/>\n<meta property=\"og:url\" content=\"https:\/\/mobic-music.com\/index.php\/wieso-single\/\" \/>\n<meta property=\"og:site_name\" content=\"MO BIC \u2013 Der Sound des Moments\" \/>\n<meta property=\"article:modified_time\" content=\"2024-12-30T07:20:55+00:00\" \/>\n<meta name=\"twitter:card\" content=\"summary_large_image\" \/>\n<meta name=\"twitter:label1\" content=\"Est. reading time\" \/>\n\t<meta name=\"twitter:data1\" content=\"2 minutes\" \/>\n<script type=\"application\/ld+json\" class=\"yoast-schema-graph\">{\"@context\":\"https:\/\/schema.org\",\"@graph\":[{\"@type\":\"WebPage\",\"@id\":\"https:\/\/mobic-music.com\/index.php\/wieso-single\/\",\"url\":\"https:\/\/mobic-music.com\/index.php\/wieso-single\/\",\"name\":\"MO BIC - Neue Single \\\"Wieso\\\" jetzt verf\u00fcgbar!\",\"isPartOf\":{\"@id\":\"https:\/\/mobic-music.com\/#website\"},\"datePublished\":\"2024-07-22T16:06:34+00:00\",\"dateModified\":\"2024-12-30T07:20:55+00:00\",\"description\":\"MO BIC meldet sich eindrucksvoll zur\u00fcck mit seiner neuen Single \\\"Wieso\\\", ver\u00f6ffentlicht \u00fcber Fiesta Records. Diese innovative Mischung aus Party-Schlager und Trap begeistert die jugendliche Zuh\u00f6rerschaft. Erlebe die spannende Geschichte \u00fcber sexuelle Fantasien, jetzt auf allen Plattformen.\",\"breadcrumb\":{\"@id\":\"https:\/\/mobic-music.com\/index.php\/wieso-single\/#breadcrumb\"},\"inLanguage\":\"en-US\",\"potentialAction\":[{\"@type\":\"ReadAction\",\"target\":[\"https:\/\/mobic-music.com\/index.php\/wieso-single\/\"]}]},{\"@type\":\"BreadcrumbList\",\"@id\":\"https:\/\/mobic-music.com\/index.php\/wieso-single\/#breadcrumb\",\"itemListElement\":[{\"@type\":\"ListItem\",\"position\":1,\"name\":\"Startseite\",\"item\":\"https:\/\/mobic-music.com\/\"},{\"@type\":\"ListItem\",\"position\":2,\"name\":\"MO BIC &#8211; Designer\"}]},{\"@type\":\"WebSite\",\"@id\":\"https:\/\/mobic-music.com\/#website\",\"url\":\"https:\/\/mobic-music.com\/\",\"name\":\"MO BIC \u2013 Der Sound des Moments\",\"description\":\"Let&#039;s get the party started!\",\"potentialAction\":[{\"@type\":\"SearchAction\",\"target\":{\"@type\":\"EntryPoint\",\"urlTemplate\":\"https:\/\/mobic-music.com\/?s={search_term_string}\"},\"query-input\":{\"@type\":\"PropertyValueSpecification\",\"valueRequired\":true,\"valueName\":\"search_term_string\"}}],\"inLanguage\":\"en-US\"}]}<\/script>\n<!-- \/ Yoast SEO plugin. -->","yoast_head_json":{"title":"MO BIC - Neue Single \"Wieso\" jetzt verf\u00fcgbar!","description":"MO BIC meldet sich eindrucksvoll zur\u00fcck mit seiner neuen Single \"Wieso\", ver\u00f6ffentlicht \u00fcber Fiesta Records. Diese innovative Mischung aus Party-Schlager und Trap begeistert die jugendliche Zuh\u00f6rerschaft. Erlebe die spannende Geschichte \u00fcber sexuelle Fantasien, jetzt auf allen Plattformen.","robots":{"index":"index","follow":"follow","max-snippet":"max-snippet:-1","max-image-preview":"max-image-preview:large","max-video-preview":"max-video-preview:-1"},"canonical":"https:\/\/mobic-music.com\/index.php\/wieso-single\/","og_locale":"en_US","og_type":"article","og_title":"MO BIC - Neue Single \"Wieso\" jetzt verf\u00fcgbar!","og_description":"MO BIC meldet sich eindrucksvoll zur\u00fcck mit seiner neuen Single \"Wieso\", ver\u00f6ffentlicht \u00fcber Fiesta Records. Diese innovative Mischung aus Party-Schlager und Trap begeistert die jugendliche Zuh\u00f6rerschaft. Erlebe die spannende Geschichte \u00fcber sexuelle Fantasien, jetzt auf allen Plattformen.","og_url":"https:\/\/mobic-music.com\/index.php\/wieso-single\/","og_site_name":"MO BIC \u2013 Der Sound des Moments","article_modified_time":"2024-12-30T07:20:55+00:00","twitter_card":"summary_large_image","twitter_misc":{"Est. reading time":"2 minutes"},"schema":{"@context":"https:\/\/schema.org","@graph":[{"@type":"WebPage","@id":"https:\/\/mobic-music.com\/index.php\/wieso-single\/","url":"https:\/\/mobic-music.com\/index.php\/wieso-single\/","name":"MO BIC - Neue Single \"Wieso\" jetzt verf\u00fcgbar!","isPartOf":{"@id":"https:\/\/mobic-music.com\/#website"},"datePublished":"2024-07-22T16:06:34+00:00","dateModified":"2024-12-30T07:20:55+00:00","description":"MO BIC meldet sich eindrucksvoll zur\u00fcck mit seiner neuen Single \"Wieso\", ver\u00f6ffentlicht \u00fcber Fiesta Records. Diese innovative Mischung aus Party-Schlager und Trap begeistert die jugendliche Zuh\u00f6rerschaft. Erlebe die spannende Geschichte \u00fcber sexuelle Fantasien, jetzt auf allen Plattformen.","breadcrumb":{"@id":"https:\/\/mobic-music.com\/index.php\/wieso-single\/#breadcrumb"},"inLanguage":"en-US","potentialAction":[{"@type":"ReadAction","target":["https:\/\/mobic-music.com\/index.php\/wieso-single\/"]}]},{"@type":"BreadcrumbList","@id":"https:\/\/mobic-music.com\/index.php\/wieso-single\/#breadcrumb","itemListElement":[{"@type":"ListItem","position":1,"name":"Startseite","item":"https:\/\/mobic-music.com\/"},{"@type":"ListItem","position":2,"name":"MO BIC &#8211; Designer"}]},{"@type":"WebSite","@id":"https:\/\/mobic-music.com\/#website","url":"https:\/\/mobic-music.com\/","name":"MO BIC \u2013 Der Sound des Moments","description":"Let&#039;s get the party started!","potentialAction":[{"@type":"SearchAction","target":{"@type":"EntryPoint","urlTemplate":"https:\/\/mobic-music.com\/?s={search_term_string}"},"query-input":{"@type":"PropertyValueSpecification","valueRequired":true,"valueName":"search_term_string"}}],"inLanguage":"en-US"}]}},"_links":{"self":[{"href":"https:\/\/mobic-music.com\/index.php\/wp-json\/wp\/v2\/pages\/1250","targetHints":{"allow":["GET"]}}],"collection":[{"href":"https:\/\/mobic-music.com\/index.php\/wp-json\/wp\/v2\/pages"}],"about":[{"href":"https:\/\/mobic-music.com\/index.php\/wp-json\/wp\/v2\/types\/page"}],"author":[{"embeddable":true,"href":"https:\/\/mobic-music.com\/index.php\/wp-json\/wp\/v2\/users\/1"}],"replies":[{"embeddable":true,"href":"https:\/\/mobic-music.com\/index.php\/wp-json\/wp\/v2\/comments?post=1250"}],"version-history":[{"count":6,"href":"https:\/\/mobic-music.com\/index.php\/wp-json\/wp\/v2\/pages\/1250\/revisions"}],"predecessor-version":[{"id":1443,"href":"https:\/\/mobic-music.com\/index.php\/wp-json\/wp\/v2\/pages\/1250\/revisions\/1443"}],"wp:attachment":[{"href":"https:\/\/mobic-music.com\/index.php\/wp-json\/wp\/v2\/media?parent=1250"}],"curies":[{"name":"wp","href":"https:\/\/api.w.org\/{rel}","templated":true}]}}