{"id":1186,"date":"2024-07-20T03:27:13","date_gmt":"2024-07-20T01:27:13","guid":{"rendered":"https:\/\/mobic-music.com\/?page_id=1186"},"modified":"2024-08-07T16:01:49","modified_gmt":"2024-08-07T14:01:49","slug":"impressum","status":"publish","type":"page","link":"https:\/\/mobic-music.com\/index.php\/impressum\/","title":{"rendered":"Imprint"},"content":{"rendered":"\r\n<p><strong>Verantwortlich f\u00fcr die Homepage:<br \/><\/strong>G. Iwey\u2028Langer<br \/>Hagen 21\u2028<br \/>31134 Hildesheim<br \/>Deutschland\u2028<br \/>Kontakt@mobic-music.com<\/p>\r\n<p>Gesetzliche Berufsbezeichnung:\u2028<br \/>Tonk\u00fcnstler (verliehen in der Bundesrepublik Deutschland)<\/p>\r\n<p><strong>Disclaimer \/ Haftungsausschluss<\/strong><br \/>Der Inhalt unserer Internetseite wurde mit gr\u00f6\u00dftm\u00f6glicher Sorgfalt erstellt. Wir \u00fcbernehmen keine Haftung f\u00fcr Benutzer, welche \u00fcber diesen Disclaimer hinweggehen. Gem\u00e4\u00df \u00a7 7 Abs. 1 TMG sind wir f\u00fcr den Inhalt verantwortlich, selbst wenn dieser wurde bestellt. Gem\u00e4\u00df den \u00a7\u00a7 8, 9 und 10 TMG ist f\u00fcr uns keine Verpflichtung gegeben, dass wir Informationen von Dritten, die \u00fcbermittelt oder gespeichert wurden, \u00fcberwachen oder Umst\u00e4nde erheben, die Hinweise auf nicht rechtm\u00e4\u00dfige T\u00e4tigkeiten ergeben.<br \/>Davon nicht ber\u00fchrt, ist unsere Verpflichtung zur Sperrung oder Entfernung von Informationen, welche von den allgemeinen Gesetzen herr\u00fchrt und denen Beachtung geb\u00fchrt. Wir haften allerdings erst in dem Moment, in dem wir von einer konkreten Verletzung von Rechten Kenntnis bekommen. Dann wird eine unverz\u00fcgliche Entfernung des entsprechenden Inhalts vorgenommen.<\/p>\r\n<p><strong>Haftung f\u00fcr Links<\/strong><br \/>Unsere Internetseite enth\u00e4lt Links, die zu externen Internetseiten von Dritten f\u00fchren, auf deren Inhalte wir jedoch keinen Einfluss haben. Es ist uns daher nicht m\u00f6glich, eine Gew\u00e4hr f\u00fcr diese Inhalte zu tragen.<br \/>Die Verantwortung daf\u00fcr hat immer der jeweilige Anbieter\/Betreiber der entsprechenden Internetseite. Wir \u00fcberpr\u00fcfen die von uns verlinkten Internetseiten zum Zeitpunkt der Verlinkung auf einen m\u00f6glichen Rechtsversto\u00df in voller Breite.<br \/>Es kann uns jedoch, ohne einen konkreten Anhaltspunkt, nicht zugemutet werden, st\u00e4ndig die verlinkten Internetseiten inhaltlich zu \u00fcberwachen. Wenn wir jedoch von einer Rechtsverletzung Kenntnis erlangen, werden wir den entsprechenden Link unverz\u00fcglich entfernen.<\/p>\r\n<p><strong>Urheberrecht<\/strong><br \/>Die auf unserer Internetseite enthaltenen Inhalte sind, soweit m\u00f6glich, urheberrechtlich gesch\u00fctzt. Es bedarf einer schriftlichen Genehmigung des Erstellers f\u00fcr denjenigen, der die Inhalte vervielf\u00e4ltigt, bearbeitet, verbreitet oder nutzt.<br \/>Das Herunterladen und Kopieren unserer Internetseite ist sowohl f\u00fcr den privaten als auch den kommerziellen Gebrauch von uns schriftlich zu gestatten. Wir weisen darauf hin, dass wir hinsichtlich der Inhalte auf unserer Internetseite, soweit sie nicht von uns erstellt worden sind, das Urheberrecht von Dritten jederzeit beachtet haben.<br \/>Wenn Sie uns mitteilen w\u00fcrden, dass Sie trotzdem eine Urheberrechtsverletzung gefunden haben, w\u00fcrden wir das sehr sch\u00e4tzen. Dann k\u00f6nnen wir den entsprechenden Inhalt sofort entfernen und w\u00fcrden damit das Urheberrecht nicht mehr verletzen, einen rechtswidrigen Zustand also nicht fortsetzen.<\/p>\r\n<p><strong>Webdesign und technische Umsetzung:<\/strong><\/p>\r\n<p><a href=\"https:\/\/unzweideutig-webdesign.de\/\" target=\"_new\" rel=\"noreferrer noopener\">Unzweideutig Webdesign<\/a><br \/>Freelancer f\u00fcr Webdesign und SEO\u00a0<br \/>Email:\u00a0<a href=\"mailto:sebatian@unzweideutig-webdesign.de\" rel=\"noreferrer\">sebastian@unzweideutig-webdesign.de<\/a><\/p>\r\n","protected":false},"excerpt":{"rendered":"<p>Verantwortlich f\u00fcr die Homepage:G. Iwey\u2028LangerHagen 21\u202831134 HildesheimDeutschland\u2028Kontakt@mobic-music.com Gesetzliche Berufsbezeichnung:\u2028Tonk\u00fcnstler (verliehen in der Bundesrepublik Deutschland) Disclaimer \/ HaftungsausschlussDer Inhalt unserer Internetseite wurde mit gr\u00f6\u00dftm\u00f6glicher Sorgfalt erstellt. Wir \u00fcbernehmen keine Haftung f\u00fcr Benutzer, welche \u00fcber diesen Disclaimer hinweggehen. Gem\u00e4\u00df \u00a7 7 Abs. 1 TMG sind wir f\u00fcr den Inhalt verantwortlich, selbst wenn dieser wurde bestellt. Gem\u00e4\u00df den [&hellip;]<\/p>\n","protected":false},"author":1,"featured_media":0,"parent":0,"menu_order":0,"comment_status":"closed","ping_status":"closed","template":"","meta":{"footnotes":""},"class_list":["post-1186","page","type-page","status-publish","hentry"],"yoast_head":"<!-- This site is optimized with the Yoast SEO plugin v24.1 - https:\/\/yoast.com\/wordpress\/plugins\/seo\/ -->\n<title>Imprint - MO BIC \u2013 Der Sound des Moments<\/title>\n<meta name=\"robots\" content=\"noindex, follow\" \/>\n<meta property=\"og:locale\" content=\"en_US\" \/>\n<meta property=\"og:type\" content=\"article\" \/>\n<meta property=\"og:title\" content=\"Imprint - MO BIC \u2013 Der Sound des Moments\" \/>\n<meta property=\"og:description\" content=\"Verantwortlich f\u00fcr die Homepage:G. Iwey\u2028LangerHagen 21\u202831134 HildesheimDeutschland\u2028Kontakt@mobic-music.com Gesetzliche Berufsbezeichnung:\u2028Tonk\u00fcnstler (verliehen in der Bundesrepublik Deutschland) Disclaimer \/ HaftungsausschlussDer Inhalt unserer Internetseite wurde mit gr\u00f6\u00dftm\u00f6glicher Sorgfalt erstellt. Wir \u00fcbernehmen keine Haftung f\u00fcr Benutzer, welche \u00fcber diesen Disclaimer hinweggehen. Gem\u00e4\u00df \u00a7 7 Abs. 1 TMG sind wir f\u00fcr den Inhalt verantwortlich, selbst wenn dieser wurde bestellt. Gem\u00e4\u00df den [&hellip;]\" \/>\n<meta property=\"og:url\" content=\"https:\/\/mobic-music.com\/index.php\/impressum\/\" \/>\n<meta property=\"og:site_name\" content=\"MO BIC \u2013 Der Sound des Moments\" \/>\n<meta property=\"article:modified_time\" content=\"2024-08-07T14:01:49+00:00\" \/>\n<meta name=\"twitter:card\" content=\"summary_large_image\" \/>\n<meta name=\"twitter:label1\" content=\"Est. reading time\" \/>\n\t<meta name=\"twitter:data1\" content=\"3 minutes\" \/>\n<script type=\"application\/ld+json\" class=\"yoast-schema-graph\">{\"@context\":\"https:\/\/schema.org\",\"@graph\":[{\"@type\":\"WebPage\",\"@id\":\"https:\/\/mobic-music.com\/index.php\/impressum\/\",\"url\":\"https:\/\/mobic-music.com\/index.php\/impressum\/\",\"name\":\"Imprint - MO BIC \u2013 Der Sound des Moments\",\"isPartOf\":{\"@id\":\"https:\/\/mobic-music.com\/#website\"},\"datePublished\":\"2024-07-20T01:27:13+00:00\",\"dateModified\":\"2024-08-07T14:01:49+00:00\",\"breadcrumb\":{\"@id\":\"https:\/\/mobic-music.com\/index.php\/impressum\/#breadcrumb\"},\"inLanguage\":\"en-US\",\"potentialAction\":[{\"@type\":\"ReadAction\",\"target\":[\"https:\/\/mobic-music.com\/index.php\/impressum\/\"]}]},{\"@type\":\"BreadcrumbList\",\"@id\":\"https:\/\/mobic-music.com\/index.php\/impressum\/#breadcrumb\",\"itemListElement\":[{\"@type\":\"ListItem\",\"position\":1,\"name\":\"Startseite\",\"item\":\"https:\/\/mobic-music.com\/\"},{\"@type\":\"ListItem\",\"position\":2,\"name\":\"Imprint\"}]},{\"@type\":\"WebSite\",\"@id\":\"https:\/\/mobic-music.com\/#website\",\"url\":\"https:\/\/mobic-music.com\/\",\"name\":\"MO BIC \u2013 Der Sound des Moments\",\"description\":\"Let&#039;s get the party started!\",\"potentialAction\":[{\"@type\":\"SearchAction\",\"target\":{\"@type\":\"EntryPoint\",\"urlTemplate\":\"https:\/\/mobic-music.com\/?s={search_term_string}\"},\"query-input\":{\"@type\":\"PropertyValueSpecification\",\"valueRequired\":true,\"valueName\":\"search_term_string\"}}],\"inLanguage\":\"en-US\"}]}<\/script>\n<!-- \/ Yoast SEO plugin. -->","yoast_head_json":{"title":"Imprint - MO BIC \u2013 Der Sound des Moments","robots":{"index":"noindex","follow":"follow"},"og_locale":"en_US","og_type":"article","og_title":"Imprint - MO BIC \u2013 Der Sound des Moments","og_description":"Verantwortlich f\u00fcr die Homepage:G. Iwey\u2028LangerHagen 21\u202831134 HildesheimDeutschland\u2028Kontakt@mobic-music.com Gesetzliche Berufsbezeichnung:\u2028Tonk\u00fcnstler (verliehen in der Bundesrepublik Deutschland) Disclaimer \/ HaftungsausschlussDer Inhalt unserer Internetseite wurde mit gr\u00f6\u00dftm\u00f6glicher Sorgfalt erstellt. Wir \u00fcbernehmen keine Haftung f\u00fcr Benutzer, welche \u00fcber diesen Disclaimer hinweggehen. Gem\u00e4\u00df \u00a7 7 Abs. 1 TMG sind wir f\u00fcr den Inhalt verantwortlich, selbst wenn dieser wurde bestellt. Gem\u00e4\u00df den [&hellip;]","og_url":"https:\/\/mobic-music.com\/index.php\/impressum\/","og_site_name":"MO BIC \u2013 Der Sound des Moments","article_modified_time":"2024-08-07T14:01:49+00:00","twitter_card":"summary_large_image","twitter_misc":{"Est. reading time":"3 minutes"},"schema":{"@context":"https:\/\/schema.org","@graph":[{"@type":"WebPage","@id":"https:\/\/mobic-music.com\/index.php\/impressum\/","url":"https:\/\/mobic-music.com\/index.php\/impressum\/","name":"Imprint - MO BIC \u2013 Der Sound des Moments","isPartOf":{"@id":"https:\/\/mobic-music.com\/#website"},"datePublished":"2024-07-20T01:27:13+00:00","dateModified":"2024-08-07T14:01:49+00:00","breadcrumb":{"@id":"https:\/\/mobic-music.com\/index.php\/impressum\/#breadcrumb"},"inLanguage":"en-US","potentialAction":[{"@type":"ReadAction","target":["https:\/\/mobic-music.com\/index.php\/impressum\/"]}]},{"@type":"BreadcrumbList","@id":"https:\/\/mobic-music.com\/index.php\/impressum\/#breadcrumb","itemListElement":[{"@type":"ListItem","position":1,"name":"Startseite","item":"https:\/\/mobic-music.com\/"},{"@type":"ListItem","position":2,"name":"Imprint"}]},{"@type":"WebSite","@id":"https:\/\/mobic-music.com\/#website","url":"https:\/\/mobic-music.com\/","name":"MO BIC \u2013 Der Sound des Moments","description":"Let&#039;s get the party started!","potentialAction":[{"@type":"SearchAction","target":{"@type":"EntryPoint","urlTemplate":"https:\/\/mobic-music.com\/?s={search_term_string}"},"query-input":{"@type":"PropertyValueSpecification","valueRequired":true,"valueName":"search_term_string"}}],"inLanguage":"en-US"}]}},"_links":{"self":[{"href":"https:\/\/mobic-music.com\/index.php\/wp-json\/wp\/v2\/pages\/1186","targetHints":{"allow":["GET"]}}],"collection":[{"href":"https:\/\/mobic-music.com\/index.php\/wp-json\/wp\/v2\/pages"}],"about":[{"href":"https:\/\/mobic-music.com\/index.php\/wp-json\/wp\/v2\/types\/page"}],"author":[{"embeddable":true,"href":"https:\/\/mobic-music.com\/index.php\/wp-json\/wp\/v2\/users\/1"}],"replies":[{"embeddable":true,"href":"https:\/\/mobic-music.com\/index.php\/wp-json\/wp\/v2\/comments?post=1186"}],"version-history":[{"count":6,"href":"https:\/\/mobic-music.com\/index.php\/wp-json\/wp\/v2\/pages\/1186\/revisions"}],"predecessor-version":[{"id":1354,"href":"https:\/\/mobic-music.com\/index.php\/wp-json\/wp\/v2\/pages\/1186\/revisions\/1354"}],"wp:attachment":[{"href":"https:\/\/mobic-music.com\/index.php\/wp-json\/wp\/v2\/media?parent=1186"}],"curies":[{"name":"wp","href":"https:\/\/api.w.org\/{rel}","templated":true}]}}