{"id":1180,"date":"2024-07-20T03:30:04","date_gmt":"2024-07-20T01:30:04","guid":{"rendered":"https:\/\/mobic-music.com\/?page_id=1180"},"modified":"2024-08-08T11:31:41","modified_gmt":"2024-08-08T09:31:41","slug":"about-me","status":"publish","type":"page","link":"https:\/\/mobic-music.com\/index.php\/about-me\/","title":{"rendered":"About Me"},"content":{"rendered":"<div class=\"page\" title=\"Page 1\">\n<div class=\"layoutArea\">\n<div class=\"column\">\n<p>Gepra\u0308gt von einer schweren Vergangenheit, seine Heimat, den Kongo, hinter sich lassend und die Herausforderungen eines neuen Lebens in Deutschland vor sich liegend, erza\u0308hlt Mo Bic mit ehrlichen Worten auf einpra\u0308gsamen Beats u\u0308ber das Leben.<\/p>\n<p>Nach der Gru\u0308ndung der Band \u201aApocalypse\u2018, im Jahre 2003, pra\u0308gte er die Underground -Szene und sammelte erste Erfolge als Musiker. Mo Bic ist Beobachter und Perfektionist. Er beschlie\u00dft, Jahre spa\u0308ter einen eigenen Weg zu gehen,<br \/>\num sein Solo-Album \u201eMein Blickwinkel\u201c zu komponieren.<\/p>\n<p>Schnell kommt eins zum anderen.<\/p>\n<p>Newcomer-Contest \u201eThe Dome 60\u201c folgte und damit auch sein Sieg, womit er sich als Nachwuchsku\u0308nstler fu\u0308r das Warm-Up der RTL II Jubila\u0308ums-Super-Show qualifizierte.<\/p>\n<p>Einen langen Weg voller Ehrgeiz und Glaube an sich selbst zuru\u0308ckgelegt, steht Mo Bic heute hier.<\/p>\n<\/div>\n<\/div>\n<\/div>\n","protected":false},"excerpt":{"rendered":"<p>Gepra\u0308gt von einer schweren Vergangenheit, seine Heimat, den Kongo, hinter sich lassend und die Herausforderungen eines neuen Lebens in Deutschland vor sich liegend, erza\u0308hlt Mo Bic mit ehrlichen Worten auf einpra\u0308gsamen Beats u\u0308ber das Leben. Nach der Gru\u0308ndung der Band \u201aApocalypse\u2018, im Jahre 2003, pra\u0308gte er die Underground -Szene und sammelte erste Erfolge als Musiker. [&hellip;]<\/p>\n","protected":false},"author":1,"featured_media":0,"parent":0,"menu_order":0,"comment_status":"closed","ping_status":"closed","template":"","meta":{"footnotes":""},"class_list":["post-1180","page","type-page","status-publish","hentry"],"yoast_head":"<!-- This site is optimized with the Yoast SEO plugin v24.1 - https:\/\/yoast.com\/wordpress\/plugins\/seo\/ -->\n<title>MO BIC - Vom Kongo nach Deutschland: Eine inspirierende Reise<\/title>\n<meta name=\"description\" content=\"Entdecke die inspirierende Reise von MO BIC, einem talentierten Musiker, der seine Wurzeln im Kongo hinter sich lie\u00df und in Deutschland als Solok\u00fcnstler Erfolge feierte. Von der Gr\u00fcndung der Band &#039;Apocalypse&#039; bis zum Sieg beim Newcomer-Contest &#039;The Dome 60&#039; \u2013 Mo Bic erz\u00e4hlt mit ehrlichen Worten und einpr\u00e4gsamen Beats \u00fcber das Leben.\" \/>\n<meta name=\"robots\" content=\"index, follow, max-snippet:-1, max-image-preview:large, max-video-preview:-1\" \/>\n<link rel=\"canonical\" href=\"https:\/\/mobic-music.com\/index.php\/about-me\/\" \/>\n<meta property=\"og:locale\" content=\"en_US\" \/>\n<meta property=\"og:type\" content=\"article\" \/>\n<meta property=\"og:title\" content=\"MO BIC - Vom Kongo nach Deutschland: Eine inspirierende Reise\" \/>\n<meta property=\"og:description\" content=\"Entdecke die inspirierende Reise von MO BIC, einem talentierten Musiker, der seine Wurzeln im Kongo hinter sich lie\u00df und in Deutschland als Solok\u00fcnstler Erfolge feierte. Von der Gr\u00fcndung der Band &#039;Apocalypse&#039; bis zum Sieg beim Newcomer-Contest &#039;The Dome 60&#039; \u2013 Mo Bic erz\u00e4hlt mit ehrlichen Worten und einpr\u00e4gsamen Beats \u00fcber das Leben.\" \/>\n<meta property=\"og:url\" content=\"https:\/\/mobic-music.com\/index.php\/about-me\/\" \/>\n<meta property=\"og:site_name\" content=\"MO BIC \u2013 Der Sound des Moments\" \/>\n<meta property=\"article:modified_time\" content=\"2024-08-08T09:31:41+00:00\" \/>\n<meta name=\"twitter:card\" content=\"summary_large_image\" \/>\n<meta name=\"twitter:label1\" content=\"Est. reading time\" \/>\n\t<meta name=\"twitter:data1\" content=\"1 minute\" \/>\n<script type=\"application\/ld+json\" class=\"yoast-schema-graph\">{\"@context\":\"https:\/\/schema.org\",\"@graph\":[{\"@type\":\"WebPage\",\"@id\":\"https:\/\/mobic-music.com\/index.php\/about-me\/\",\"url\":\"https:\/\/mobic-music.com\/index.php\/about-me\/\",\"name\":\"MO BIC - Vom Kongo nach Deutschland: Eine inspirierende Reise\",\"isPartOf\":{\"@id\":\"https:\/\/mobic-music.com\/#website\"},\"datePublished\":\"2024-07-20T01:30:04+00:00\",\"dateModified\":\"2024-08-08T09:31:41+00:00\",\"description\":\"Entdecke die inspirierende Reise von MO BIC, einem talentierten Musiker, der seine Wurzeln im Kongo hinter sich lie\u00df und in Deutschland als Solok\u00fcnstler Erfolge feierte. Von der Gr\u00fcndung der Band 'Apocalypse' bis zum Sieg beim Newcomer-Contest 'The Dome 60' \u2013 Mo Bic erz\u00e4hlt mit ehrlichen Worten und einpr\u00e4gsamen Beats \u00fcber das Leben.\",\"breadcrumb\":{\"@id\":\"https:\/\/mobic-music.com\/index.php\/about-me\/#breadcrumb\"},\"inLanguage\":\"en-US\",\"potentialAction\":[{\"@type\":\"ReadAction\",\"target\":[\"https:\/\/mobic-music.com\/index.php\/about-me\/\"]}]},{\"@type\":\"BreadcrumbList\",\"@id\":\"https:\/\/mobic-music.com\/index.php\/about-me\/#breadcrumb\",\"itemListElement\":[{\"@type\":\"ListItem\",\"position\":1,\"name\":\"Startseite\",\"item\":\"https:\/\/mobic-music.com\/\"},{\"@type\":\"ListItem\",\"position\":2,\"name\":\"About Me\"}]},{\"@type\":\"WebSite\",\"@id\":\"https:\/\/mobic-music.com\/#website\",\"url\":\"https:\/\/mobic-music.com\/\",\"name\":\"MO BIC \u2013 Der Sound des Moments\",\"description\":\"Let&#039;s get the party started!\",\"potentialAction\":[{\"@type\":\"SearchAction\",\"target\":{\"@type\":\"EntryPoint\",\"urlTemplate\":\"https:\/\/mobic-music.com\/?s={search_term_string}\"},\"query-input\":{\"@type\":\"PropertyValueSpecification\",\"valueRequired\":true,\"valueName\":\"search_term_string\"}}],\"inLanguage\":\"en-US\"}]}<\/script>\n<!-- \/ Yoast SEO plugin. -->","yoast_head_json":{"title":"MO BIC - Vom Kongo nach Deutschland: Eine inspirierende Reise","description":"Entdecke die inspirierende Reise von MO BIC, einem talentierten Musiker, der seine Wurzeln im Kongo hinter sich lie\u00df und in Deutschland als Solok\u00fcnstler Erfolge feierte. Von der Gr\u00fcndung der Band 'Apocalypse' bis zum Sieg beim Newcomer-Contest 'The Dome 60' \u2013 Mo Bic erz\u00e4hlt mit ehrlichen Worten und einpr\u00e4gsamen Beats \u00fcber das Leben.","robots":{"index":"index","follow":"follow","max-snippet":"max-snippet:-1","max-image-preview":"max-image-preview:large","max-video-preview":"max-video-preview:-1"},"canonical":"https:\/\/mobic-music.com\/index.php\/about-me\/","og_locale":"en_US","og_type":"article","og_title":"MO BIC - Vom Kongo nach Deutschland: Eine inspirierende Reise","og_description":"Entdecke die inspirierende Reise von MO BIC, einem talentierten Musiker, der seine Wurzeln im Kongo hinter sich lie\u00df und in Deutschland als Solok\u00fcnstler Erfolge feierte. Von der Gr\u00fcndung der Band 'Apocalypse' bis zum Sieg beim Newcomer-Contest 'The Dome 60' \u2013 Mo Bic erz\u00e4hlt mit ehrlichen Worten und einpr\u00e4gsamen Beats \u00fcber das Leben.","og_url":"https:\/\/mobic-music.com\/index.php\/about-me\/","og_site_name":"MO BIC \u2013 Der Sound des Moments","article_modified_time":"2024-08-08T09:31:41+00:00","twitter_card":"summary_large_image","twitter_misc":{"Est. reading time":"1 minute"},"schema":{"@context":"https:\/\/schema.org","@graph":[{"@type":"WebPage","@id":"https:\/\/mobic-music.com\/index.php\/about-me\/","url":"https:\/\/mobic-music.com\/index.php\/about-me\/","name":"MO BIC - Vom Kongo nach Deutschland: Eine inspirierende Reise","isPartOf":{"@id":"https:\/\/mobic-music.com\/#website"},"datePublished":"2024-07-20T01:30:04+00:00","dateModified":"2024-08-08T09:31:41+00:00","description":"Entdecke die inspirierende Reise von MO BIC, einem talentierten Musiker, der seine Wurzeln im Kongo hinter sich lie\u00df und in Deutschland als Solok\u00fcnstler Erfolge feierte. Von der Gr\u00fcndung der Band 'Apocalypse' bis zum Sieg beim Newcomer-Contest 'The Dome 60' \u2013 Mo Bic erz\u00e4hlt mit ehrlichen Worten und einpr\u00e4gsamen Beats \u00fcber das Leben.","breadcrumb":{"@id":"https:\/\/mobic-music.com\/index.php\/about-me\/#breadcrumb"},"inLanguage":"en-US","potentialAction":[{"@type":"ReadAction","target":["https:\/\/mobic-music.com\/index.php\/about-me\/"]}]},{"@type":"BreadcrumbList","@id":"https:\/\/mobic-music.com\/index.php\/about-me\/#breadcrumb","itemListElement":[{"@type":"ListItem","position":1,"name":"Startseite","item":"https:\/\/mobic-music.com\/"},{"@type":"ListItem","position":2,"name":"About Me"}]},{"@type":"WebSite","@id":"https:\/\/mobic-music.com\/#website","url":"https:\/\/mobic-music.com\/","name":"MO BIC \u2013 Der Sound des Moments","description":"Let&#039;s get the party started!","potentialAction":[{"@type":"SearchAction","target":{"@type":"EntryPoint","urlTemplate":"https:\/\/mobic-music.com\/?s={search_term_string}"},"query-input":{"@type":"PropertyValueSpecification","valueRequired":true,"valueName":"search_term_string"}}],"inLanguage":"en-US"}]}},"_links":{"self":[{"href":"https:\/\/mobic-music.com\/index.php\/wp-json\/wp\/v2\/pages\/1180","targetHints":{"allow":["GET"]}}],"collection":[{"href":"https:\/\/mobic-music.com\/index.php\/wp-json\/wp\/v2\/pages"}],"about":[{"href":"https:\/\/mobic-music.com\/index.php\/wp-json\/wp\/v2\/types\/page"}],"author":[{"embeddable":true,"href":"https:\/\/mobic-music.com\/index.php\/wp-json\/wp\/v2\/users\/1"}],"replies":[{"embeddable":true,"href":"https:\/\/mobic-music.com\/index.php\/wp-json\/wp\/v2\/comments?post=1180"}],"version-history":[{"count":6,"href":"https:\/\/mobic-music.com\/index.php\/wp-json\/wp\/v2\/pages\/1180\/revisions"}],"predecessor-version":[{"id":1409,"href":"https:\/\/mobic-music.com\/index.php\/wp-json\/wp\/v2\/pages\/1180\/revisions\/1409"}],"wp:attachment":[{"href":"https:\/\/mobic-music.com\/index.php\/wp-json\/wp\/v2\/media?parent=1180"}],"curies":[{"name":"wp","href":"https:\/\/api.w.org\/{rel}","templated":true}]}}